{"id":1632,"date":"2020-03-06T13:39:57","date_gmt":"2020-03-06T12:39:57","guid":{"rendered":"https:\/\/villalakocealina40.com\/ausruestung\/"},"modified":"2023-06-17T16:33:15","modified_gmt":"2023-06-17T15:33:15","slug":"ausruestung","status":"publish","type":"page","link":"https:\/\/villalakocealina40.com\/de\/ausruestung\/","title":{"rendered":"Ausr\u00fcstung"},"content":{"rendered":"<p>Das Haus befindet sich auf einem eingez\u00e4unten Grundst\u00fcck von 600 m2 in einer kleinen und sehr ruhigen Wohnsiedlung.<\/p>\n<p><strong>Die Schlafzimmer:<\/strong><\/p>\n<p>Die Betten sind\u00a0neu und hochwertig. (die neuen Fotos der Zimmer werden Ende Dezember 2020 verf\u00fcgbar sein).<\/p>\n<p>Schlafzimmer 1 &#8211; 1 Queen-Size-Bett (160 x 200), ein Schrank und 2 Nachttische.<br \/>\nSchlafzimmer 2 &#8211; 1 Queen-Size-Bett (160 x 200), ein Badezimmerschrank mit Waschbecken, ein Schrank und 2 Nachttische<\/p>\n<p><strong>Die K\u00fcche<\/strong> ist wie folgt ausgestattet:<\/p>\n<ul>\n<li><strong>Geschirrsp\u00fcler <\/strong><\/li>\n<li>Gaskochfeld (4-Flammen)<\/li>\n<li>Elektrischer Ofen<\/li>\n<li>Klassische Kaffeemaschine (mit Papierfiltern) und Nespresso-Kaffeemaschine<\/li>\n<li>Wasserkocher<\/li>\n<li>Mikrowelle<\/li>\n<li>K\u00fchl-\/Gefrierschrank<\/li>\n<li>Toaster<\/li>\n<li>Geschirr und Besteck<\/li>\n<li>Kochgeschirr (T\u00f6pfe, Pfannen, &#8230;)<\/li>\n<li>Sonstige Ausr\u00fcstung und Dienstleistungen :<\/li>\n<\/ul>\n<p><strong>Kostenloser Wifi-Internetzugang<\/strong><\/p>\n<p><strong>Waschmaschine<\/strong> im Keller<br \/>\nHaartrockner<br \/>\nB\u00fcgeleisen und B\u00fcgelbrett<br \/>\nStaubsauger<br \/>\nHaushaltsw\u00e4sche wird zur Verf\u00fcgung gestellt (Laken, Decken, Kissen, Handt\u00fccher, Bad- und K\u00fcchent\u00fccher).<br \/>\nStrandhandt\u00fccher werden nicht zur Verf\u00fcgung gestellt.<br \/>\nDie Heizung ist elektrisch.<\/p>\n<p>Der Speisesaal bietet Platz f\u00fcr 6 Personen.<\/p>\n<p>Das Badezimmer verf\u00fcgt \u00fcber eine Badewanne mit Dusche, Waschbecken und WC.<\/p>\n<p>Es gibt auch eine separate Toilette.<\/p>\n<p>Das Wohnzimmer verf\u00fcgt \u00fcber ein Sofa, einen kleinen Tisch und ein Fernsehger\u00e4t, das an eine Livebox Play (ADSL) angeschlossen ist.<\/p>\n<p><strong>Drau\u00dfen:<\/strong><\/p>\n<p>Die \u00fcberdachte Terrasse ist mit Gartenm\u00f6beln f\u00fcr 6 Personen, zwei Liegesesseln und zwei chilenischen St\u00fchlen ausgestattet.<\/p>\n<p>Es gibt auch eine Hartchrom-Gasplancha in professioneller Qualit\u00e4t.<\/p>\n<p>Sie k\u00f6nnen Ihr Auto in der Einfahrt im Garten parken. Es ist auch sehr einfach, auf der Stra\u00dfe vor dem Haus zu parken.<\/p>\n","protected":false},"excerpt":{"rendered":"<p>Das Haus befindet sich auf einem eingez\u00e4unten Grundst\u00fcck von 600 m2 in einer kleinen und sehr ruhigen Wohnsiedlung. Die Schlafzimmer: Die Betten sind\u00a0neu und hochwertig. (die neuen Fotos der Zimmer werden Ende Dezember 2020 verf\u00fcgbar sein). Schlafzimmer 1 &#8211; 1 Queen-Size-Bett (160 x 200), ein Schrank und 2 Nachttische. Schlafzimmer 2 &#8211; 1 Queen-Size-Bett (160&hellip; <a href=\"https:\/\/villalakocealina40.com\/de\/ausruestung\/\" class=\"more-link\">Weiterlesen <span class=\"screen-reader-text\">Ausr\u00fcstung<\/span><\/a><\/p>\n","protected":false},"author":1,"featured_media":0,"parent":0,"menu_order":0,"comment_status":"closed","ping_status":"closed","template":"","meta":{"_crdt_document":"","footnotes":""},"tags":[],"class_list":["post-1632","page","type-page","status-publish","hentry","without-featured-image"],"yoast_head":"<!-- This site is optimized with the Yoast SEO plugin v27.4 - https:\/\/yoast.com\/product\/yoast-seo-wordpress\/ -->\n<title>Ausr\u00fcstung - Villa Lakocealina 40<\/title>\n<meta name=\"robots\" content=\"index, follow, max-snippet:-1, max-image-preview:large, max-video-preview:-1\" \/>\n<link rel=\"canonical\" href=\"https:\/\/villalakocealina40.com\/de\/ausruestung\/\" \/>\n<meta property=\"og:locale\" content=\"de_DE\" \/>\n<meta property=\"og:type\" content=\"article\" \/>\n<meta property=\"og:title\" content=\"Ausr\u00fcstung - Villa Lakocealina 40\" \/>\n<meta property=\"og:description\" content=\"Das Haus befindet sich auf einem eingez\u00e4unten Grundst\u00fcck von 600 m2 in einer kleinen und sehr ruhigen Wohnsiedlung. Die Schlafzimmer: Die Betten sind\u00a0neu und hochwertig. (die neuen Fotos der Zimmer werden Ende Dezember 2020 verf\u00fcgbar sein). Schlafzimmer 1 &#8211; 1 Queen-Size-Bett (160 x 200), ein Schrank und 2 Nachttische. Schlafzimmer 2 &#8211; 1 Queen-Size-Bett (160&hellip; Weiterlesen Ausr\u00fcstung\" \/>\n<meta property=\"og:url\" content=\"https:\/\/villalakocealina40.com\/de\/ausruestung\/\" \/>\n<meta property=\"og:site_name\" content=\"Villa Lakocealina 40\" \/>\n<meta property=\"article:modified_time\" content=\"2023-06-17T15:33:15+00:00\" \/>\n<meta name=\"twitter:card\" content=\"summary_large_image\" \/>\n<meta name=\"twitter:label1\" content=\"Gesch\u00e4tzte Lesezeit\" \/>\n\t<meta name=\"twitter:data1\" content=\"2\u00a0Minuten\" \/>\n<script type=\"application\/ld+json\" class=\"yoast-schema-graph\">{\"@context\":\"https:\\\/\\\/schema.org\",\"@graph\":[{\"@type\":\"WebPage\",\"@id\":\"https:\\\/\\\/villalakocealina40.com\\\/de\\\/ausruestung\\\/\",\"url\":\"https:\\\/\\\/villalakocealina40.com\\\/de\\\/ausruestung\\\/\",\"name\":\"Ausr\u00fcstung - Villa Lakocealina 40\",\"isPartOf\":{\"@id\":\"https:\\\/\\\/villalakocealina40.com\\\/de\\\/#website\"},\"datePublished\":\"2020-03-06T12:39:57+00:00\",\"dateModified\":\"2023-06-17T15:33:15+00:00\",\"breadcrumb\":{\"@id\":\"https:\\\/\\\/villalakocealina40.com\\\/de\\\/ausruestung\\\/#breadcrumb\"},\"inLanguage\":\"de\",\"potentialAction\":[{\"@type\":\"ReadAction\",\"target\":[\"https:\\\/\\\/villalakocealina40.com\\\/de\\\/ausruestung\\\/\"]}]},{\"@type\":\"BreadcrumbList\",\"@id\":\"https:\\\/\\\/villalakocealina40.com\\\/de\\\/ausruestung\\\/#breadcrumb\",\"itemListElement\":[{\"@type\":\"ListItem\",\"position\":1,\"name\":\"Accueil\",\"item\":\"https:\\\/\\\/villalakocealina40.com\\\/de\\\/\"},{\"@type\":\"ListItem\",\"position\":2,\"name\":\"Ausr\u00fcstung\"}]},{\"@type\":\"WebSite\",\"@id\":\"https:\\\/\\\/villalakocealina40.com\\\/de\\\/#website\",\"url\":\"https:\\\/\\\/villalakocealina40.com\\\/de\\\/\",\"name\":\"Villa Lakocealina 40\",\"description\":\"Ferienwohnung\",\"publisher\":{\"@id\":\"https:\\\/\\\/villalakocealina40.com\\\/de\\\/#organization\"},\"potentialAction\":[{\"@type\":\"SearchAction\",\"target\":{\"@type\":\"EntryPoint\",\"urlTemplate\":\"https:\\\/\\\/villalakocealina40.com\\\/de\\\/?s={search_term_string}\"},\"query-input\":{\"@type\":\"PropertyValueSpecification\",\"valueRequired\":true,\"valueName\":\"search_term_string\"}}],\"inLanguage\":\"de\"},{\"@type\":\"Organization\",\"@id\":\"https:\\\/\\\/villalakocealina40.com\\\/de\\\/#organization\",\"name\":\"Villa Lakocealina 40\",\"url\":\"https:\\\/\\\/villalakocealina40.com\\\/de\\\/\",\"logo\":{\"@type\":\"ImageObject\",\"inLanguage\":\"de\",\"@id\":\"https:\\\/\\\/villalakocealina40.com\\\/de\\\/#\\\/schema\\\/logo\\\/image\\\/\",\"url\":\"https:\\\/\\\/i0.wp.com\\\/villalakocealina40.com\\\/wp-content\\\/uploads\\\/2018\\\/03\\\/cropped-GLTT.jpeg?fit=483%2C480&ssl=1\",\"contentUrl\":\"https:\\\/\\\/i0.wp.com\\\/villalakocealina40.com\\\/wp-content\\\/uploads\\\/2018\\\/03\\\/cropped-GLTT.jpeg?fit=483%2C480&ssl=1\",\"width\":483,\"height\":480,\"caption\":\"Villa Lakocealina 40\"},\"image\":{\"@id\":\"https:\\\/\\\/villalakocealina40.com\\\/de\\\/#\\\/schema\\\/logo\\\/image\\\/\"}}]}<\/script>\n<!-- \/ Yoast SEO plugin. -->","yoast_head_json":{"title":"Ausr\u00fcstung - Villa Lakocealina 40","robots":{"index":"index","follow":"follow","max-snippet":"max-snippet:-1","max-image-preview":"max-image-preview:large","max-video-preview":"max-video-preview:-1"},"canonical":"https:\/\/villalakocealina40.com\/de\/ausruestung\/","og_locale":"de_DE","og_type":"article","og_title":"Ausr\u00fcstung - Villa Lakocealina 40","og_description":"Das Haus befindet sich auf einem eingez\u00e4unten Grundst\u00fcck von 600 m2 in einer kleinen und sehr ruhigen Wohnsiedlung. Die Schlafzimmer: Die Betten sind\u00a0neu und hochwertig. (die neuen Fotos der Zimmer werden Ende Dezember 2020 verf\u00fcgbar sein). Schlafzimmer 1 &#8211; 1 Queen-Size-Bett (160 x 200), ein Schrank und 2 Nachttische. Schlafzimmer 2 &#8211; 1 Queen-Size-Bett (160&hellip; Weiterlesen Ausr\u00fcstung","og_url":"https:\/\/villalakocealina40.com\/de\/ausruestung\/","og_site_name":"Villa Lakocealina 40","article_modified_time":"2023-06-17T15:33:15+00:00","twitter_card":"summary_large_image","twitter_misc":{"Gesch\u00e4tzte Lesezeit":"2\u00a0Minuten"},"schema":{"@context":"https:\/\/schema.org","@graph":[{"@type":"WebPage","@id":"https:\/\/villalakocealina40.com\/de\/ausruestung\/","url":"https:\/\/villalakocealina40.com\/de\/ausruestung\/","name":"Ausr\u00fcstung - Villa Lakocealina 40","isPartOf":{"@id":"https:\/\/villalakocealina40.com\/de\/#website"},"datePublished":"2020-03-06T12:39:57+00:00","dateModified":"2023-06-17T15:33:15+00:00","breadcrumb":{"@id":"https:\/\/villalakocealina40.com\/de\/ausruestung\/#breadcrumb"},"inLanguage":"de","potentialAction":[{"@type":"ReadAction","target":["https:\/\/villalakocealina40.com\/de\/ausruestung\/"]}]},{"@type":"BreadcrumbList","@id":"https:\/\/villalakocealina40.com\/de\/ausruestung\/#breadcrumb","itemListElement":[{"@type":"ListItem","position":1,"name":"Accueil","item":"https:\/\/villalakocealina40.com\/de\/"},{"@type":"ListItem","position":2,"name":"Ausr\u00fcstung"}]},{"@type":"WebSite","@id":"https:\/\/villalakocealina40.com\/de\/#website","url":"https:\/\/villalakocealina40.com\/de\/","name":"Villa Lakocealina 40","description":"Ferienwohnung","publisher":{"@id":"https:\/\/villalakocealina40.com\/de\/#organization"},"potentialAction":[{"@type":"SearchAction","target":{"@type":"EntryPoint","urlTemplate":"https:\/\/villalakocealina40.com\/de\/?s={search_term_string}"},"query-input":{"@type":"PropertyValueSpecification","valueRequired":true,"valueName":"search_term_string"}}],"inLanguage":"de"},{"@type":"Organization","@id":"https:\/\/villalakocealina40.com\/de\/#organization","name":"Villa Lakocealina 40","url":"https:\/\/villalakocealina40.com\/de\/","logo":{"@type":"ImageObject","inLanguage":"de","@id":"https:\/\/villalakocealina40.com\/de\/#\/schema\/logo\/image\/","url":"https:\/\/i0.wp.com\/villalakocealina40.com\/wp-content\/uploads\/2018\/03\/cropped-GLTT.jpeg?fit=483%2C480&ssl=1","contentUrl":"https:\/\/i0.wp.com\/villalakocealina40.com\/wp-content\/uploads\/2018\/03\/cropped-GLTT.jpeg?fit=483%2C480&ssl=1","width":483,"height":480,"caption":"Villa Lakocealina 40"},"image":{"@id":"https:\/\/villalakocealina40.com\/de\/#\/schema\/logo\/image\/"}}]}},"jetpack_sharing_enabled":true,"jetpack_shortlink":"https:\/\/wp.me\/P9COMv-qk","jetpack_likes_enabled":true,"amp_enabled":true,"_links":{"self":[{"href":"https:\/\/villalakocealina40.com\/de\/wp-json\/wp\/v2\/pages\/1632","targetHints":{"allow":["GET"]}}],"collection":[{"href":"https:\/\/villalakocealina40.com\/de\/wp-json\/wp\/v2\/pages"}],"about":[{"href":"https:\/\/villalakocealina40.com\/de\/wp-json\/wp\/v2\/types\/page"}],"author":[{"embeddable":true,"href":"https:\/\/villalakocealina40.com\/de\/wp-json\/wp\/v2\/users\/1"}],"replies":[{"embeddable":true,"href":"https:\/\/villalakocealina40.com\/de\/wp-json\/wp\/v2\/comments?post=1632"}],"version-history":[{"count":7,"href":"https:\/\/villalakocealina40.com\/de\/wp-json\/wp\/v2\/pages\/1632\/revisions"}],"predecessor-version":[{"id":4369,"href":"https:\/\/villalakocealina40.com\/de\/wp-json\/wp\/v2\/pages\/1632\/revisions\/4369"}],"wp:attachment":[{"href":"https:\/\/villalakocealina40.com\/de\/wp-json\/wp\/v2\/media?parent=1632"}],"wp:term":[{"taxonomy":"post_tag","embeddable":true,"href":"https:\/\/villalakocealina40.com\/de\/wp-json\/wp\/v2\/tags?post=1632"}],"curies":[{"name":"wp","href":"https:\/\/api.w.org\/{rel}","templated":true}]}}