{"id":2198,"date":"2020-10-25T21:56:54","date_gmt":"2020-10-25T20:56:54","guid":{"rendered":"https:\/\/villalakocealina40.com\/?page_id=2198"},"modified":"2020-10-27T18:49:51","modified_gmt":"2020-10-27T17:49:51","slug":"startseite","status":"publish","type":"page","link":"https:\/\/villalakocealina40.com\/de\/","title":{"rendered":"Startseite"},"content":{"rendered":"<!--vcv no format--><div class=\"vce-row-container\"><div class=\"vce-row vce-row--col-gap-30 vce-row-columns--top vce-row-content--top\" id=\"el-77e2f35f\" data-vce-do-apply=\"all el-77e2f35f\"><div class=\"vce-row-content\" data-vce-element-content=\"true\"><div class=\"vce-col vce-col--md-auto vce-col--xs-1 vce-col--xs-last vce-col--xs-first vce-col--sm-last vce-col--sm-first vce-col--md-last vce-col--lg-last vce-col--xl-last vce-col--md-first vce-col--lg-first vce-col--xl-first\" id=\"el-227df703\"><div class=\"vce-col-inner\" data-vce-do-apply=\"border margin background  el-227df703\"><div class=\"vce-col-content\" data-vce-element-content=\"true\" data-vce-do-apply=\"padding el-227df703\"><div class=\"vce-text-block\"><div class=\"vce-text-block-wrapper vce\" id=\"el-f541d258\" data-vce-do-apply=\"all el-f541d258\">\n<h1 class=\"has-dark-blue-color has-text-color has-text-align-center wp-block-heading\"><span style=\"font-size: large;\"><span style=\"font-size: 24pt;\">Ferienhaus<\/span>&nbsp;<\/span><\/h1>\n<p>&nbsp;<\/p>\n<h1 class=\"YeV2SlB6 propertyHeading\" style=\"text-align: center;\" data-lang=\"de-x-mtfrom-fr\" data-test-target=\"rental-detail-header\">Ferienhaus an der K\u00fcste der Landes,<\/h1>\n<h1 class=\"has-text-align-center\">\ud83c\udfc4\u200d\u2640\ufe0f&nbsp;<\/h1>\n<h1 class=\"has-text-align-center\">nahe am Ozean un am See Leon<\/h1>\n\n<h1 class=\"has-text-align-center wp-block-heading\">&nbsp;<\/h1>\n\n<h1 class=\"has-dark-blue-color has-text-color has-text-align-center wp-block-heading\">&nbsp;<\/h1>\n<\/div><\/div><\/div><\/div><\/div><\/div><\/div><\/div><!--vcv no format-->","protected":false},"excerpt":{"rendered":"<p>maison pr\u00e8s du lac de L\u00e9on, sur la c\u00f4te landaise<\/p>\n","protected":false},"author":1,"featured_media":1345,"parent":0,"menu_order":1,"comment_status":"closed","ping_status":"closed","template":"","meta":{"_crdt_document":"","footnotes":""},"tags":[],"class_list":["post-2198","page","type-page","status-publish","has-post-thumbnail","hentry","without-featured-image"],"yoast_head":"<!-- This site is optimized with the Yoast SEO plugin v27.4 - https:\/\/yoast.com\/product\/yoast-seo-wordpress\/ -->\n<title>Startseite - Villa Lakocealina 40<\/title>\n<meta name=\"robots\" content=\"index, follow, max-snippet:-1, max-image-preview:large, max-video-preview:-1\" \/>\n<link rel=\"canonical\" href=\"https:\/\/villalakocealina40.com\/de\/\" \/>\n<meta property=\"og:locale\" content=\"de_DE\" \/>\n<meta property=\"og:type\" content=\"article\" \/>\n<meta property=\"og:title\" content=\"Startseite - Villa Lakocealina 40\" \/>\n<meta property=\"og:description\" content=\"maison pr\u00e8s du lac de L\u00e9on, sur la c\u00f4te landaise\" \/>\n<meta property=\"og:url\" content=\"https:\/\/villalakocealina40.com\/de\/\" \/>\n<meta property=\"og:site_name\" content=\"Villa Lakocealina 40\" \/>\n<meta property=\"article:modified_time\" content=\"2020-10-27T17:49:51+00:00\" \/>\n<meta property=\"og:image\" content=\"https:\/\/villalakocealina40.com\/wp-content\/uploads\/2019\/11\/P1030145-1024x588.jpeg\" \/>\n\t<meta property=\"og:image:width\" content=\"1024\" \/>\n\t<meta property=\"og:image:height\" content=\"588\" \/>\n\t<meta property=\"og:image:type\" content=\"image\/jpeg\" \/>\n<meta name=\"twitter:card\" content=\"summary_large_image\" \/>\n<script type=\"application\/ld+json\" class=\"yoast-schema-graph\">{\"@context\":\"https:\\\/\\\/schema.org\",\"@graph\":[{\"@type\":\"WebPage\",\"@id\":\"https:\\\/\\\/villalakocealina40.com\\\/de\\\/\",\"url\":\"https:\\\/\\\/villalakocealina40.com\\\/de\\\/\",\"name\":\"Startseite - Villa Lakocealina 40\",\"isPartOf\":{\"@id\":\"https:\\\/\\\/villalakocealina40.com\\\/de\\\/#website\"},\"primaryImageOfPage\":{\"@id\":\"https:\\\/\\\/villalakocealina40.com\\\/de\\\/#primaryimage\"},\"image\":{\"@id\":\"https:\\\/\\\/villalakocealina40.com\\\/de\\\/#primaryimage\"},\"thumbnailUrl\":\"https:\\\/\\\/i0.wp.com\\\/villalakocealina40.com\\\/wp-content\\\/uploads\\\/2019\\\/11\\\/P1030145.jpeg?fit=4469%2C2567&ssl=1\",\"datePublished\":\"2020-10-25T20:56:54+00:00\",\"dateModified\":\"2020-10-27T17:49:51+00:00\",\"breadcrumb\":{\"@id\":\"https:\\\/\\\/villalakocealina40.com\\\/de\\\/#breadcrumb\"},\"inLanguage\":\"de\",\"potentialAction\":[{\"@type\":\"ReadAction\",\"target\":[\"https:\\\/\\\/villalakocealina40.com\\\/de\\\/\"]}]},{\"@type\":\"ImageObject\",\"inLanguage\":\"de\",\"@id\":\"https:\\\/\\\/villalakocealina40.com\\\/de\\\/#primaryimage\",\"url\":\"https:\\\/\\\/i0.wp.com\\\/villalakocealina40.com\\\/wp-content\\\/uploads\\\/2019\\\/11\\\/P1030145.jpeg?fit=4469%2C2567&ssl=1\",\"contentUrl\":\"https:\\\/\\\/i0.wp.com\\\/villalakocealina40.com\\\/wp-content\\\/uploads\\\/2019\\\/11\\\/P1030145.jpeg?fit=4469%2C2567&ssl=1\",\"width\":4469,\"height\":2567},{\"@type\":\"BreadcrumbList\",\"@id\":\"https:\\\/\\\/villalakocealina40.com\\\/de\\\/#breadcrumb\",\"itemListElement\":[{\"@type\":\"ListItem\",\"position\":1,\"name\":\"Accueil\",\"item\":\"https:\\\/\\\/villalakocealina40.com\\\/de\\\/\"},{\"@type\":\"ListItem\",\"position\":2,\"name\":\"Startseite\"}]},{\"@type\":\"WebSite\",\"@id\":\"https:\\\/\\\/villalakocealina40.com\\\/de\\\/#website\",\"url\":\"https:\\\/\\\/villalakocealina40.com\\\/de\\\/\",\"name\":\"Villa Lakocealina 40\",\"description\":\"Ferienwohnung\",\"publisher\":{\"@id\":\"https:\\\/\\\/villalakocealina40.com\\\/de\\\/#organization\"},\"potentialAction\":[{\"@type\":\"SearchAction\",\"target\":{\"@type\":\"EntryPoint\",\"urlTemplate\":\"https:\\\/\\\/villalakocealina40.com\\\/de\\\/?s={search_term_string}\"},\"query-input\":{\"@type\":\"PropertyValueSpecification\",\"valueRequired\":true,\"valueName\":\"search_term_string\"}}],\"inLanguage\":\"de\"},{\"@type\":\"Organization\",\"@id\":\"https:\\\/\\\/villalakocealina40.com\\\/de\\\/#organization\",\"name\":\"Villa Lakocealina 40\",\"url\":\"https:\\\/\\\/villalakocealina40.com\\\/de\\\/\",\"logo\":{\"@type\":\"ImageObject\",\"inLanguage\":\"de\",\"@id\":\"https:\\\/\\\/villalakocealina40.com\\\/de\\\/#\\\/schema\\\/logo\\\/image\\\/\",\"url\":\"https:\\\/\\\/i0.wp.com\\\/villalakocealina40.com\\\/wp-content\\\/uploads\\\/2018\\\/03\\\/cropped-GLTT.jpeg?fit=483%2C480&ssl=1\",\"contentUrl\":\"https:\\\/\\\/i0.wp.com\\\/villalakocealina40.com\\\/wp-content\\\/uploads\\\/2018\\\/03\\\/cropped-GLTT.jpeg?fit=483%2C480&ssl=1\",\"width\":483,\"height\":480,\"caption\":\"Villa Lakocealina 40\"},\"image\":{\"@id\":\"https:\\\/\\\/villalakocealina40.com\\\/de\\\/#\\\/schema\\\/logo\\\/image\\\/\"}}]}<\/script>\n<!-- \/ Yoast SEO plugin. -->","yoast_head_json":{"title":"Startseite - Villa Lakocealina 40","robots":{"index":"index","follow":"follow","max-snippet":"max-snippet:-1","max-image-preview":"max-image-preview:large","max-video-preview":"max-video-preview:-1"},"canonical":"https:\/\/villalakocealina40.com\/de\/","og_locale":"de_DE","og_type":"article","og_title":"Startseite - Villa Lakocealina 40","og_description":"maison pr\u00e8s du lac de L\u00e9on, sur la c\u00f4te landaise","og_url":"https:\/\/villalakocealina40.com\/de\/","og_site_name":"Villa Lakocealina 40","article_modified_time":"2020-10-27T17:49:51+00:00","og_image":[{"width":1024,"height":588,"url":"https:\/\/villalakocealina40.com\/wp-content\/uploads\/2019\/11\/P1030145-1024x588.jpeg","type":"image\/jpeg"}],"twitter_card":"summary_large_image","schema":{"@context":"https:\/\/schema.org","@graph":[{"@type":"WebPage","@id":"https:\/\/villalakocealina40.com\/de\/","url":"https:\/\/villalakocealina40.com\/de\/","name":"Startseite - Villa Lakocealina 40","isPartOf":{"@id":"https:\/\/villalakocealina40.com\/de\/#website"},"primaryImageOfPage":{"@id":"https:\/\/villalakocealina40.com\/de\/#primaryimage"},"image":{"@id":"https:\/\/villalakocealina40.com\/de\/#primaryimage"},"thumbnailUrl":"https:\/\/i0.wp.com\/villalakocealina40.com\/wp-content\/uploads\/2019\/11\/P1030145.jpeg?fit=4469%2C2567&ssl=1","datePublished":"2020-10-25T20:56:54+00:00","dateModified":"2020-10-27T17:49:51+00:00","breadcrumb":{"@id":"https:\/\/villalakocealina40.com\/de\/#breadcrumb"},"inLanguage":"de","potentialAction":[{"@type":"ReadAction","target":["https:\/\/villalakocealina40.com\/de\/"]}]},{"@type":"ImageObject","inLanguage":"de","@id":"https:\/\/villalakocealina40.com\/de\/#primaryimage","url":"https:\/\/i0.wp.com\/villalakocealina40.com\/wp-content\/uploads\/2019\/11\/P1030145.jpeg?fit=4469%2C2567&ssl=1","contentUrl":"https:\/\/i0.wp.com\/villalakocealina40.com\/wp-content\/uploads\/2019\/11\/P1030145.jpeg?fit=4469%2C2567&ssl=1","width":4469,"height":2567},{"@type":"BreadcrumbList","@id":"https:\/\/villalakocealina40.com\/de\/#breadcrumb","itemListElement":[{"@type":"ListItem","position":1,"name":"Accueil","item":"https:\/\/villalakocealina40.com\/de\/"},{"@type":"ListItem","position":2,"name":"Startseite"}]},{"@type":"WebSite","@id":"https:\/\/villalakocealina40.com\/de\/#website","url":"https:\/\/villalakocealina40.com\/de\/","name":"Villa Lakocealina 40","description":"Ferienwohnung","publisher":{"@id":"https:\/\/villalakocealina40.com\/de\/#organization"},"potentialAction":[{"@type":"SearchAction","target":{"@type":"EntryPoint","urlTemplate":"https:\/\/villalakocealina40.com\/de\/?s={search_term_string}"},"query-input":{"@type":"PropertyValueSpecification","valueRequired":true,"valueName":"search_term_string"}}],"inLanguage":"de"},{"@type":"Organization","@id":"https:\/\/villalakocealina40.com\/de\/#organization","name":"Villa Lakocealina 40","url":"https:\/\/villalakocealina40.com\/de\/","logo":{"@type":"ImageObject","inLanguage":"de","@id":"https:\/\/villalakocealina40.com\/de\/#\/schema\/logo\/image\/","url":"https:\/\/i0.wp.com\/villalakocealina40.com\/wp-content\/uploads\/2018\/03\/cropped-GLTT.jpeg?fit=483%2C480&ssl=1","contentUrl":"https:\/\/i0.wp.com\/villalakocealina40.com\/wp-content\/uploads\/2018\/03\/cropped-GLTT.jpeg?fit=483%2C480&ssl=1","width":483,"height":480,"caption":"Villa Lakocealina 40"},"image":{"@id":"https:\/\/villalakocealina40.com\/de\/#\/schema\/logo\/image\/"}}]}},"jetpack_sharing_enabled":true,"jetpack_shortlink":"https:\/\/wp.me\/P9COMv-zs","jetpack_likes_enabled":true,"amp_enabled":false,"_links":{"self":[{"href":"https:\/\/villalakocealina40.com\/de\/wp-json\/wp\/v2\/pages\/2198","targetHints":{"allow":["GET"]}}],"collection":[{"href":"https:\/\/villalakocealina40.com\/de\/wp-json\/wp\/v2\/pages"}],"about":[{"href":"https:\/\/villalakocealina40.com\/de\/wp-json\/wp\/v2\/types\/page"}],"author":[{"embeddable":true,"href":"https:\/\/villalakocealina40.com\/de\/wp-json\/wp\/v2\/users\/1"}],"replies":[{"embeddable":true,"href":"https:\/\/villalakocealina40.com\/de\/wp-json\/wp\/v2\/comments?post=2198"}],"version-history":[{"count":6,"href":"https:\/\/villalakocealina40.com\/de\/wp-json\/wp\/v2\/pages\/2198\/revisions"}],"predecessor-version":[{"id":2280,"href":"https:\/\/villalakocealina40.com\/de\/wp-json\/wp\/v2\/pages\/2198\/revisions\/2280"}],"wp:featuredmedia":[{"embeddable":true,"href":"https:\/\/villalakocealina40.com\/de\/wp-json\/wp\/v2\/media\/1345"}],"wp:attachment":[{"href":"https:\/\/villalakocealina40.com\/de\/wp-json\/wp\/v2\/media?parent=2198"}],"wp:term":[{"taxonomy":"post_tag","embeddable":true,"href":"https:\/\/villalakocealina40.com\/de\/wp-json\/wp\/v2\/tags?post=2198"}],"curies":[{"name":"wp","href":"https:\/\/api.w.org\/{rel}","templated":true}]}}