{"id":2221,"date":"2020-10-26T10:10:09","date_gmt":"2020-10-26T09:10:09","guid":{"rendered":"https:\/\/villalakocealina40.com\/?page_id=2221"},"modified":"2020-10-27T23:49:20","modified_gmt":"2020-10-27T22:49:20","slug":"qui-sommes-nous","status":"publish","type":"page","link":"https:\/\/villalakocealina40.com\/de\/qui-sommes-nous\/","title":{"rendered":"\u00dcber uns"},"content":{"rendered":"<p><!--vcv no format--><\/p>\n<div class=\"vce-row-container\">\n<div id=\"el-d9656e72\" class=\"vce-row vce-row--col-gap-30 vce-row-columns--top vce-row-content--top\" data-vce-do-apply=\"all el-d9656e72\">\n<div class=\"vce-row-content\" data-vce-element-content=\"true\">\n<div id=\"el-f688f1b3\" class=\"vce-col vce-col--md-auto vce-col--xs-1 vce-col--xs-last vce-col--xs-first vce-col--sm-last vce-col--sm-first vce-col--md-last vce-col--lg-last vce-col--xl-last vce-col--md-first vce-col--lg-first vce-col--xl-first\">\n<div class=\"vce-col-inner\" data-vce-do-apply=\"border margin background el-f688f1b3\">\n<div class=\"vce-col-content\" data-vce-element-content=\"true\" data-vce-do-apply=\"padding el-f688f1b3\">\n<div class=\"vce-text-block\">\n<div id=\"el-2323ae63\" class=\"vce-text-block-wrapper vce\" data-vce-do-apply=\"all el-2323ae63\">\n<p style=\"text-align: left;\"><img data-recalc-dims=\"1\" loading=\"lazy\" decoding=\"async\" class=\"alignright size-thumbnail wp-image-2178\" src=\"https:\/\/i0.wp.com\/villalakocealina40.com\/wp-content\/uploads\/2020\/10\/P0002185-150x150.jpeg?resize=150%2C150&#038;ssl=1\" alt=\"Lina\" width=\"150\" height=\"150\" srcset=\"https:\/\/i0.wp.com\/villalakocealina40.com\/wp-content\/uploads\/2020\/10\/P0002185.jpeg?resize=150%2C150&amp;ssl=1 150w, https:\/\/i0.wp.com\/villalakocealina40.com\/wp-content\/uploads\/2020\/10\/P0002185.jpeg?resize=200%2C200&amp;ssl=1 200w, https:\/\/i0.wp.com\/villalakocealina40.com\/wp-content\/uploads\/2020\/10\/P0002185.jpeg?resize=180%2C180&amp;ssl=1 180w\" sizes=\"auto, (max-width: 150px) 100vw, 150px\" \/><img data-recalc-dims=\"1\" loading=\"lazy\" decoding=\"async\" class=\"alignright size-thumbnail wp-image-2172\" src=\"https:\/\/i0.wp.com\/villalakocealina40.com\/wp-content\/uploads\/2020\/10\/Capture-decran-2020-10-24-a-00.44.39-150x150.png?resize=150%2C150&#038;ssl=1\" alt=\"\" width=\"150\" height=\"150\" srcset=\"https:\/\/i0.wp.com\/villalakocealina40.com\/wp-content\/uploads\/2020\/10\/Capture-decran-2020-10-24-a-00.44.39.png?resize=150%2C150&amp;ssl=1 150w, https:\/\/i0.wp.com\/villalakocealina40.com\/wp-content\/uploads\/2020\/10\/Capture-decran-2020-10-24-a-00.44.39.png?resize=200%2C200&amp;ssl=1 200w, https:\/\/i0.wp.com\/villalakocealina40.com\/wp-content\/uploads\/2020\/10\/Capture-decran-2020-10-24-a-00.44.39.png?resize=180%2C180&amp;ssl=1 180w, https:\/\/i0.wp.com\/villalakocealina40.com\/wp-content\/uploads\/2020\/10\/Capture-decran-2020-10-24-a-00.44.39.png?zoom=2&amp;resize=150%2C150&amp;ssl=1 300w\" sizes=\"auto, (max-width: 150px) 100vw, 150px\" \/><\/p>\n<p>Mein Haus sollte nicht gemietet werden, sondern ich sollte darin wohnen.<br \/>\nEiner meiner Zwillingsbr\u00fcder, beide Architekten, hat es entworfen.<br \/>\nFamili\u00e4re Gr\u00fcnde hielten mich in der Gegend von Bordeaux, wo ich an einem College Englisch unterrichte. Bevor ich Lehrer wurde, lebte und arbeitete ich in England und Italien. Seitdem war ich mehrere Male in den Vereinigten Staaten, vor allem, um meiner dortigen Lieblingss\u00e4ngerin zu applaudieren. \ud83d\ude09 Ich war auch zweimal in St. Petersburg, gefahren von einem russischen Freund, der wollte, dass ich das Land entdecke, dessen Sprache ich ebenfalls studiert hatte. Heute freue ich mich, dieses Haus an franz\u00f6sische, englische, spanische oder italienische Urlauber zu vermieten, mit denen ich mich problemlos unterhalten kann. Und es ist immer eine gro\u00dfe Freude, deutschsprachige Touristen zu empfangen, auch wenn ich mich mit ihnen auf Englisch unterhalten muss.<br \/>\nWeil ich gerne gl\u00fcckliche Hunde mit ihren Besitzern kenne, habe ich sie immer akzeptiert. Im Namen meines Hauses, &#8222;villalakocealina40&#8220;, ist der Name meines kleinen Hundes Lina.<br \/>\nMein Mann und ich lieben die Region der Landes, und regelm\u00e4ssige Besuche zur Ansiedlung neuer Mieter wecken immer wieder gl\u00fcckliche Erinnerungen an unsere Kindheit.<\/p>\n<\/div>\n<\/div>\n<\/div>\n<\/div>\n<\/div>\n<\/div>\n<\/div>\n<\/div>\n<p><!--vcv no format--><\/p>\n","protected":false},"excerpt":{"rendered":"<p>Mein Haus sollte nicht gemietet werden, sondern ich sollte darin wohnen. Einer meiner Zwillingsbr\u00fcder, beide Architekten, hat es entworfen. Famili\u00e4re Gr\u00fcnde hielten mich in der Gegend von Bordeaux, wo ich an einem College Englisch unterrichte. Bevor ich Lehrer wurde, lebte und arbeitete ich in England und Italien. Seitdem war ich mehrere Male in den Vereinigten&hellip; <a href=\"https:\/\/villalakocealina40.com\/de\/qui-sommes-nous\/\" class=\"more-link\">Weiterlesen <span class=\"screen-reader-text\">\u00dcber uns<\/span><\/a><\/p>\n","protected":false},"author":1,"featured_media":0,"parent":0,"menu_order":0,"comment_status":"closed","ping_status":"closed","template":"","meta":{"_crdt_document":"","footnotes":""},"tags":[],"class_list":["post-2221","page","type-page","status-publish","hentry","without-featured-image"],"yoast_head":"<!-- This site is optimized with the Yoast SEO plugin v27.4 - https:\/\/yoast.com\/product\/yoast-seo-wordpress\/ -->\n<title>\u00dcber uns - Villa Lakocealina 40<\/title>\n<meta name=\"robots\" content=\"index, follow, max-snippet:-1, max-image-preview:large, max-video-preview:-1\" \/>\n<link rel=\"canonical\" href=\"https:\/\/villalakocealina40.com\/de\/qui-sommes-nous\/\" \/>\n<meta property=\"og:locale\" content=\"de_DE\" \/>\n<meta property=\"og:type\" content=\"article\" \/>\n<meta property=\"og:title\" content=\"\u00dcber uns - Villa Lakocealina 40\" \/>\n<meta property=\"og:description\" content=\"Mein Haus sollte nicht gemietet werden, sondern ich sollte darin wohnen. Einer meiner Zwillingsbr\u00fcder, beide Architekten, hat es entworfen. Famili\u00e4re Gr\u00fcnde hielten mich in der Gegend von Bordeaux, wo ich an einem College Englisch unterrichte. Bevor ich Lehrer wurde, lebte und arbeitete ich in England und Italien. Seitdem war ich mehrere Male in den Vereinigten&hellip; Weiterlesen \u00dcber uns\" \/>\n<meta property=\"og:url\" content=\"https:\/\/villalakocealina40.com\/de\/qui-sommes-nous\/\" \/>\n<meta property=\"og:site_name\" content=\"Villa Lakocealina 40\" \/>\n<meta property=\"article:modified_time\" content=\"2020-10-27T22:49:20+00:00\" \/>\n<meta property=\"og:image\" content=\"https:\/\/villalakocealina40.com\/wp-content\/uploads\/2020\/10\/P0002185-150x150.jpeg\" \/>\n<meta name=\"twitter:card\" content=\"summary_large_image\" \/>\n<meta name=\"twitter:label1\" content=\"Gesch\u00e4tzte Lesezeit\" \/>\n\t<meta name=\"twitter:data1\" content=\"1\u00a0Minute\" \/>\n<script type=\"application\/ld+json\" class=\"yoast-schema-graph\">{\"@context\":\"https:\\\/\\\/schema.org\",\"@graph\":[{\"@type\":\"WebPage\",\"@id\":\"https:\\\/\\\/villalakocealina40.com\\\/de\\\/qui-sommes-nous\\\/\",\"url\":\"https:\\\/\\\/villalakocealina40.com\\\/de\\\/qui-sommes-nous\\\/\",\"name\":\"\u00dcber uns - Villa Lakocealina 40\",\"isPartOf\":{\"@id\":\"https:\\\/\\\/villalakocealina40.com\\\/de\\\/#website\"},\"primaryImageOfPage\":{\"@id\":\"https:\\\/\\\/villalakocealina40.com\\\/de\\\/qui-sommes-nous\\\/#primaryimage\"},\"image\":{\"@id\":\"https:\\\/\\\/villalakocealina40.com\\\/de\\\/qui-sommes-nous\\\/#primaryimage\"},\"thumbnailUrl\":\"https:\\\/\\\/villalakocealina40.com\\\/wp-content\\\/uploads\\\/2020\\\/10\\\/P0002185-150x150.jpeg\",\"datePublished\":\"2020-10-26T09:10:09+00:00\",\"dateModified\":\"2020-10-27T22:49:20+00:00\",\"breadcrumb\":{\"@id\":\"https:\\\/\\\/villalakocealina40.com\\\/de\\\/qui-sommes-nous\\\/#breadcrumb\"},\"inLanguage\":\"de\",\"potentialAction\":[{\"@type\":\"ReadAction\",\"target\":[\"https:\\\/\\\/villalakocealina40.com\\\/de\\\/qui-sommes-nous\\\/\"]}]},{\"@type\":\"ImageObject\",\"inLanguage\":\"de\",\"@id\":\"https:\\\/\\\/villalakocealina40.com\\\/de\\\/qui-sommes-nous\\\/#primaryimage\",\"url\":\"https:\\\/\\\/villalakocealina40.com\\\/wp-content\\\/uploads\\\/2020\\\/10\\\/P0002185-150x150.jpeg\",\"contentUrl\":\"https:\\\/\\\/villalakocealina40.com\\\/wp-content\\\/uploads\\\/2020\\\/10\\\/P0002185-150x150.jpeg\"},{\"@type\":\"BreadcrumbList\",\"@id\":\"https:\\\/\\\/villalakocealina40.com\\\/de\\\/qui-sommes-nous\\\/#breadcrumb\",\"itemListElement\":[{\"@type\":\"ListItem\",\"position\":1,\"name\":\"Accueil\",\"item\":\"https:\\\/\\\/villalakocealina40.com\\\/de\\\/\"},{\"@type\":\"ListItem\",\"position\":2,\"name\":\"\u00dcber uns\"}]},{\"@type\":\"WebSite\",\"@id\":\"https:\\\/\\\/villalakocealina40.com\\\/de\\\/#website\",\"url\":\"https:\\\/\\\/villalakocealina40.com\\\/de\\\/\",\"name\":\"Villa Lakocealina 40\",\"description\":\"Ferienwohnung\",\"publisher\":{\"@id\":\"https:\\\/\\\/villalakocealina40.com\\\/de\\\/#organization\"},\"potentialAction\":[{\"@type\":\"SearchAction\",\"target\":{\"@type\":\"EntryPoint\",\"urlTemplate\":\"https:\\\/\\\/villalakocealina40.com\\\/de\\\/?s={search_term_string}\"},\"query-input\":{\"@type\":\"PropertyValueSpecification\",\"valueRequired\":true,\"valueName\":\"search_term_string\"}}],\"inLanguage\":\"de\"},{\"@type\":\"Organization\",\"@id\":\"https:\\\/\\\/villalakocealina40.com\\\/de\\\/#organization\",\"name\":\"Villa Lakocealina 40\",\"url\":\"https:\\\/\\\/villalakocealina40.com\\\/de\\\/\",\"logo\":{\"@type\":\"ImageObject\",\"inLanguage\":\"de\",\"@id\":\"https:\\\/\\\/villalakocealina40.com\\\/de\\\/#\\\/schema\\\/logo\\\/image\\\/\",\"url\":\"https:\\\/\\\/i0.wp.com\\\/villalakocealina40.com\\\/wp-content\\\/uploads\\\/2018\\\/03\\\/cropped-GLTT.jpeg?fit=483%2C480&ssl=1\",\"contentUrl\":\"https:\\\/\\\/i0.wp.com\\\/villalakocealina40.com\\\/wp-content\\\/uploads\\\/2018\\\/03\\\/cropped-GLTT.jpeg?fit=483%2C480&ssl=1\",\"width\":483,\"height\":480,\"caption\":\"Villa Lakocealina 40\"},\"image\":{\"@id\":\"https:\\\/\\\/villalakocealina40.com\\\/de\\\/#\\\/schema\\\/logo\\\/image\\\/\"}}]}<\/script>\n<!-- \/ Yoast SEO plugin. -->","yoast_head_json":{"title":"\u00dcber uns - Villa Lakocealina 40","robots":{"index":"index","follow":"follow","max-snippet":"max-snippet:-1","max-image-preview":"max-image-preview:large","max-video-preview":"max-video-preview:-1"},"canonical":"https:\/\/villalakocealina40.com\/de\/qui-sommes-nous\/","og_locale":"de_DE","og_type":"article","og_title":"\u00dcber uns - Villa Lakocealina 40","og_description":"Mein Haus sollte nicht gemietet werden, sondern ich sollte darin wohnen. Einer meiner Zwillingsbr\u00fcder, beide Architekten, hat es entworfen. Famili\u00e4re Gr\u00fcnde hielten mich in der Gegend von Bordeaux, wo ich an einem College Englisch unterrichte. Bevor ich Lehrer wurde, lebte und arbeitete ich in England und Italien. Seitdem war ich mehrere Male in den Vereinigten&hellip; Weiterlesen \u00dcber uns","og_url":"https:\/\/villalakocealina40.com\/de\/qui-sommes-nous\/","og_site_name":"Villa Lakocealina 40","article_modified_time":"2020-10-27T22:49:20+00:00","og_image":[{"url":"https:\/\/villalakocealina40.com\/wp-content\/uploads\/2020\/10\/P0002185-150x150.jpeg","type":"","width":"","height":""}],"twitter_card":"summary_large_image","twitter_misc":{"Gesch\u00e4tzte Lesezeit":"1\u00a0Minute"},"schema":{"@context":"https:\/\/schema.org","@graph":[{"@type":"WebPage","@id":"https:\/\/villalakocealina40.com\/de\/qui-sommes-nous\/","url":"https:\/\/villalakocealina40.com\/de\/qui-sommes-nous\/","name":"\u00dcber uns - Villa Lakocealina 40","isPartOf":{"@id":"https:\/\/villalakocealina40.com\/de\/#website"},"primaryImageOfPage":{"@id":"https:\/\/villalakocealina40.com\/de\/qui-sommes-nous\/#primaryimage"},"image":{"@id":"https:\/\/villalakocealina40.com\/de\/qui-sommes-nous\/#primaryimage"},"thumbnailUrl":"https:\/\/villalakocealina40.com\/wp-content\/uploads\/2020\/10\/P0002185-150x150.jpeg","datePublished":"2020-10-26T09:10:09+00:00","dateModified":"2020-10-27T22:49:20+00:00","breadcrumb":{"@id":"https:\/\/villalakocealina40.com\/de\/qui-sommes-nous\/#breadcrumb"},"inLanguage":"de","potentialAction":[{"@type":"ReadAction","target":["https:\/\/villalakocealina40.com\/de\/qui-sommes-nous\/"]}]},{"@type":"ImageObject","inLanguage":"de","@id":"https:\/\/villalakocealina40.com\/de\/qui-sommes-nous\/#primaryimage","url":"https:\/\/villalakocealina40.com\/wp-content\/uploads\/2020\/10\/P0002185-150x150.jpeg","contentUrl":"https:\/\/villalakocealina40.com\/wp-content\/uploads\/2020\/10\/P0002185-150x150.jpeg"},{"@type":"BreadcrumbList","@id":"https:\/\/villalakocealina40.com\/de\/qui-sommes-nous\/#breadcrumb","itemListElement":[{"@type":"ListItem","position":1,"name":"Accueil","item":"https:\/\/villalakocealina40.com\/de\/"},{"@type":"ListItem","position":2,"name":"\u00dcber uns"}]},{"@type":"WebSite","@id":"https:\/\/villalakocealina40.com\/de\/#website","url":"https:\/\/villalakocealina40.com\/de\/","name":"Villa Lakocealina 40","description":"Ferienwohnung","publisher":{"@id":"https:\/\/villalakocealina40.com\/de\/#organization"},"potentialAction":[{"@type":"SearchAction","target":{"@type":"EntryPoint","urlTemplate":"https:\/\/villalakocealina40.com\/de\/?s={search_term_string}"},"query-input":{"@type":"PropertyValueSpecification","valueRequired":true,"valueName":"search_term_string"}}],"inLanguage":"de"},{"@type":"Organization","@id":"https:\/\/villalakocealina40.com\/de\/#organization","name":"Villa Lakocealina 40","url":"https:\/\/villalakocealina40.com\/de\/","logo":{"@type":"ImageObject","inLanguage":"de","@id":"https:\/\/villalakocealina40.com\/de\/#\/schema\/logo\/image\/","url":"https:\/\/i0.wp.com\/villalakocealina40.com\/wp-content\/uploads\/2018\/03\/cropped-GLTT.jpeg?fit=483%2C480&ssl=1","contentUrl":"https:\/\/i0.wp.com\/villalakocealina40.com\/wp-content\/uploads\/2018\/03\/cropped-GLTT.jpeg?fit=483%2C480&ssl=1","width":483,"height":480,"caption":"Villa Lakocealina 40"},"image":{"@id":"https:\/\/villalakocealina40.com\/de\/#\/schema\/logo\/image\/"}}]}},"jetpack_sharing_enabled":true,"jetpack_shortlink":"https:\/\/wp.me\/P9COMv-zP","jetpack_likes_enabled":true,"amp_enabled":true,"_links":{"self":[{"href":"https:\/\/villalakocealina40.com\/de\/wp-json\/wp\/v2\/pages\/2221","targetHints":{"allow":["GET"]}}],"collection":[{"href":"https:\/\/villalakocealina40.com\/de\/wp-json\/wp\/v2\/pages"}],"about":[{"href":"https:\/\/villalakocealina40.com\/de\/wp-json\/wp\/v2\/types\/page"}],"author":[{"embeddable":true,"href":"https:\/\/villalakocealina40.com\/de\/wp-json\/wp\/v2\/users\/1"}],"replies":[{"embeddable":true,"href":"https:\/\/villalakocealina40.com\/de\/wp-json\/wp\/v2\/comments?post=2221"}],"version-history":[{"count":5,"href":"https:\/\/villalakocealina40.com\/de\/wp-json\/wp\/v2\/pages\/2221\/revisions"}],"predecessor-version":[{"id":2309,"href":"https:\/\/villalakocealina40.com\/de\/wp-json\/wp\/v2\/pages\/2221\/revisions\/2309"}],"wp:attachment":[{"href":"https:\/\/villalakocealina40.com\/de\/wp-json\/wp\/v2\/media?parent=2221"}],"wp:term":[{"taxonomy":"post_tag","embeddable":true,"href":"https:\/\/villalakocealina40.com\/de\/wp-json\/wp\/v2\/tags?post=2221"}],"curies":[{"name":"wp","href":"https:\/\/api.w.org\/{rel}","templated":true}]}}