{"id":2191,"date":"2020-10-25T15:29:14","date_gmt":"2020-10-25T14:29:14","guid":{"rendered":"https:\/\/villalakocealina40.com\/?page_id=2191"},"modified":"2020-10-26T10:21:51","modified_gmt":"2020-10-26T09:21:51","slug":"home","status":"publish","type":"page","link":"https:\/\/villalakocealina40.com\/en\/","title":{"rendered":"Home"},"content":{"rendered":"<!--vcv no format-->\r\n<div class=\"vce-row-container\">\r\n<div id=\"el-77e2f35f\" class=\"vce-row vce-row--col-gap-30 vce-row-columns--top vce-row-content--top\" data-vce-do-apply=\"all el-77e2f35f\">\r\n<div class=\"vce-row-content\" data-vce-element-content=\"true\">\r\n<div id=\"el-227df703\" class=\"vce-col vce-col--md-auto vce-col--xs-1 vce-col--xs-last vce-col--xs-first vce-col--sm-last vce-col--sm-first vce-col--md-last vce-col--lg-last vce-col--xl-last vce-col--md-first vce-col--lg-first vce-col--xl-first\">\r\n<div class=\"vce-col-inner\" data-vce-do-apply=\"border margin background  el-227df703\">\r\n<div class=\"vce-col-content\" data-vce-element-content=\"true\" data-vce-do-apply=\"padding el-227df703\">\r\n<div class=\"vce-text-block\">\r\n<div id=\"el-f541d258\" class=\"vce-text-block-wrapper vce\" data-vce-do-apply=\"all el-f541d258\">\r\n<h1 class=\"has-dark-blue-color has-text-color has-text-align-center wp-block-heading\">Holiday home<\/h1>\r\n<h1 class=\"has-text-align-center\">in Vielle Saint-Girons, Landes <img decoding=\"async\" class=\"emoji\" role=\"img\" draggable=\"false\" src=\"https:\/\/s.w.org\/images\/core\/emoji\/13.0.0\/svg\/1f3c4-200d-2640-fe0f.svg\" alt=\"\ud83c\udfc4\u200d\u2640\ufe0f\" \/><\/h1>\r\n<h1 class=\"has-dark-blue-color has-text-color has-text-align-center\">Next to the Atlantic Ocean and to L\u00e9on swimming lake<\/h1>\r\n\r\n\r\n<\/div>\r\n<\/div>\r\n<\/div>\r\n<\/div>\r\n<\/div>\r\n<\/div>\r\n<\/div>\r\n<\/div>\r\n<!--vcv no format-->","protected":false},"excerpt":{"rendered":"<p>maison pr\u00e8s du lac de L\u00e9on, sur la c\u00f4te landaise<\/p>\n","protected":false},"author":3,"featured_media":1344,"parent":0,"menu_order":1,"comment_status":"closed","ping_status":"closed","template":"","meta":{"_crdt_document":"","jetpack_post_was_ever_published":false,"footnotes":""},"tags":[],"class_list":["post-2191","page","type-page","status-publish","has-post-thumbnail","hentry","without-featured-image"],"yoast_head":"<!-- This site is optimized with the Yoast SEO plugin v27.3 - https:\/\/yoast.com\/product\/yoast-seo-wordpress\/ -->\n<title>Home - Villa Lakocealina 40<\/title>\n<meta name=\"robots\" content=\"index, follow, max-snippet:-1, max-image-preview:large, max-video-preview:-1\" \/>\n<link rel=\"canonical\" href=\"https:\/\/villalakocealina40.com\/en\/\" \/>\n<meta property=\"og:locale\" content=\"en_US\" \/>\n<meta property=\"og:type\" content=\"article\" \/>\n<meta property=\"og:title\" content=\"Home - Villa Lakocealina 40\" \/>\n<meta property=\"og:description\" content=\"maison pr\u00e8s du lac de L\u00e9on, sur la c\u00f4te landaise\" \/>\n<meta property=\"og:url\" content=\"https:\/\/villalakocealina40.com\/en\/\" \/>\n<meta property=\"og:site_name\" content=\"Villa Lakocealina 40\" \/>\n<meta property=\"article:modified_time\" content=\"2020-10-26T09:21:51+00:00\" \/>\n<meta property=\"og:image\" content=\"https:\/\/villalakocealina40.com\/wp-content\/uploads\/2019\/11\/P1030145-1024x588.jpeg\" \/>\n\t<meta property=\"og:image:width\" content=\"1024\" \/>\n\t<meta property=\"og:image:height\" content=\"588\" \/>\n\t<meta property=\"og:image:type\" content=\"image\/jpeg\" \/>\n<meta name=\"twitter:card\" content=\"summary_large_image\" \/>\n<script type=\"application\/ld+json\" class=\"yoast-schema-graph\">{\"@context\":\"https:\\\/\\\/schema.org\",\"@graph\":[{\"@type\":\"WebPage\",\"@id\":\"https:\\\/\\\/villalakocealina40.com\\\/en\\\/\",\"url\":\"https:\\\/\\\/villalakocealina40.com\\\/en\\\/\",\"name\":\"Home - Villa Lakocealina 40\",\"isPartOf\":{\"@id\":\"https:\\\/\\\/villalakocealina40.com\\\/en\\\/#website\"},\"primaryImageOfPage\":{\"@id\":\"https:\\\/\\\/villalakocealina40.com\\\/en\\\/#primaryimage\"},\"image\":{\"@id\":\"https:\\\/\\\/villalakocealina40.com\\\/en\\\/#primaryimage\"},\"thumbnailUrl\":\"https:\\\/\\\/i0.wp.com\\\/villalakocealina40.com\\\/wp-content\\\/uploads\\\/2019\\\/11\\\/P1030145.jpeg?fit=4469%2C2567&ssl=1\",\"datePublished\":\"2020-10-25T14:29:14+00:00\",\"dateModified\":\"2020-10-26T09:21:51+00:00\",\"breadcrumb\":{\"@id\":\"https:\\\/\\\/villalakocealina40.com\\\/en\\\/#breadcrumb\"},\"inLanguage\":\"en-US\",\"potentialAction\":[{\"@type\":\"ReadAction\",\"target\":[\"https:\\\/\\\/villalakocealina40.com\\\/en\\\/\"]}]},{\"@type\":\"ImageObject\",\"inLanguage\":\"en-US\",\"@id\":\"https:\\\/\\\/villalakocealina40.com\\\/en\\\/#primaryimage\",\"url\":\"https:\\\/\\\/i0.wp.com\\\/villalakocealina40.com\\\/wp-content\\\/uploads\\\/2019\\\/11\\\/P1030145.jpeg?fit=4469%2C2567&ssl=1\",\"contentUrl\":\"https:\\\/\\\/i0.wp.com\\\/villalakocealina40.com\\\/wp-content\\\/uploads\\\/2019\\\/11\\\/P1030145.jpeg?fit=4469%2C2567&ssl=1\",\"width\":4469,\"height\":2567},{\"@type\":\"BreadcrumbList\",\"@id\":\"https:\\\/\\\/villalakocealina40.com\\\/en\\\/#breadcrumb\",\"itemListElement\":[{\"@type\":\"ListItem\",\"position\":1,\"name\":\"Accueil\",\"item\":\"https:\\\/\\\/villalakocealina40.com\\\/en\\\/\"},{\"@type\":\"ListItem\",\"position\":2,\"name\":\"Home\"}]},{\"@type\":\"WebSite\",\"@id\":\"https:\\\/\\\/villalakocealina40.com\\\/en\\\/#website\",\"url\":\"https:\\\/\\\/villalakocealina40.com\\\/en\\\/\",\"name\":\"Villa Lakocealina 40\",\"description\":\"holiday rental\",\"publisher\":{\"@id\":\"https:\\\/\\\/villalakocealina40.com\\\/en\\\/#organization\"},\"potentialAction\":[{\"@type\":\"SearchAction\",\"target\":{\"@type\":\"EntryPoint\",\"urlTemplate\":\"https:\\\/\\\/villalakocealina40.com\\\/en\\\/?s={search_term_string}\"},\"query-input\":{\"@type\":\"PropertyValueSpecification\",\"valueRequired\":true,\"valueName\":\"search_term_string\"}}],\"inLanguage\":\"en-US\"},{\"@type\":\"Organization\",\"@id\":\"https:\\\/\\\/villalakocealina40.com\\\/en\\\/#organization\",\"name\":\"Villa Lakocealina 40\",\"url\":\"https:\\\/\\\/villalakocealina40.com\\\/en\\\/\",\"logo\":{\"@type\":\"ImageObject\",\"inLanguage\":\"en-US\",\"@id\":\"https:\\\/\\\/villalakocealina40.com\\\/en\\\/#\\\/schema\\\/logo\\\/image\\\/\",\"url\":\"https:\\\/\\\/i0.wp.com\\\/villalakocealina40.com\\\/wp-content\\\/uploads\\\/2018\\\/03\\\/cropped-GLTT.jpeg?fit=483%2C480&ssl=1\",\"contentUrl\":\"https:\\\/\\\/i0.wp.com\\\/villalakocealina40.com\\\/wp-content\\\/uploads\\\/2018\\\/03\\\/cropped-GLTT.jpeg?fit=483%2C480&ssl=1\",\"width\":483,\"height\":480,\"caption\":\"Villa Lakocealina 40\"},\"image\":{\"@id\":\"https:\\\/\\\/villalakocealina40.com\\\/en\\\/#\\\/schema\\\/logo\\\/image\\\/\"}}]}<\/script>\n<!-- \/ Yoast SEO plugin. -->","yoast_head_json":{"title":"Home - Villa Lakocealina 40","robots":{"index":"index","follow":"follow","max-snippet":"max-snippet:-1","max-image-preview":"max-image-preview:large","max-video-preview":"max-video-preview:-1"},"canonical":"https:\/\/villalakocealina40.com\/en\/","og_locale":"en_US","og_type":"article","og_title":"Home - Villa Lakocealina 40","og_description":"maison pr\u00e8s du lac de L\u00e9on, sur la c\u00f4te landaise","og_url":"https:\/\/villalakocealina40.com\/en\/","og_site_name":"Villa Lakocealina 40","article_modified_time":"2020-10-26T09:21:51+00:00","og_image":[{"width":1024,"height":588,"url":"https:\/\/villalakocealina40.com\/wp-content\/uploads\/2019\/11\/P1030145-1024x588.jpeg","type":"image\/jpeg"}],"twitter_card":"summary_large_image","schema":{"@context":"https:\/\/schema.org","@graph":[{"@type":"WebPage","@id":"https:\/\/villalakocealina40.com\/en\/","url":"https:\/\/villalakocealina40.com\/en\/","name":"Home - Villa Lakocealina 40","isPartOf":{"@id":"https:\/\/villalakocealina40.com\/en\/#website"},"primaryImageOfPage":{"@id":"https:\/\/villalakocealina40.com\/en\/#primaryimage"},"image":{"@id":"https:\/\/villalakocealina40.com\/en\/#primaryimage"},"thumbnailUrl":"https:\/\/i0.wp.com\/villalakocealina40.com\/wp-content\/uploads\/2019\/11\/P1030145.jpeg?fit=4469%2C2567&ssl=1","datePublished":"2020-10-25T14:29:14+00:00","dateModified":"2020-10-26T09:21:51+00:00","breadcrumb":{"@id":"https:\/\/villalakocealina40.com\/en\/#breadcrumb"},"inLanguage":"en-US","potentialAction":[{"@type":"ReadAction","target":["https:\/\/villalakocealina40.com\/en\/"]}]},{"@type":"ImageObject","inLanguage":"en-US","@id":"https:\/\/villalakocealina40.com\/en\/#primaryimage","url":"https:\/\/i0.wp.com\/villalakocealina40.com\/wp-content\/uploads\/2019\/11\/P1030145.jpeg?fit=4469%2C2567&ssl=1","contentUrl":"https:\/\/i0.wp.com\/villalakocealina40.com\/wp-content\/uploads\/2019\/11\/P1030145.jpeg?fit=4469%2C2567&ssl=1","width":4469,"height":2567},{"@type":"BreadcrumbList","@id":"https:\/\/villalakocealina40.com\/en\/#breadcrumb","itemListElement":[{"@type":"ListItem","position":1,"name":"Accueil","item":"https:\/\/villalakocealina40.com\/en\/"},{"@type":"ListItem","position":2,"name":"Home"}]},{"@type":"WebSite","@id":"https:\/\/villalakocealina40.com\/en\/#website","url":"https:\/\/villalakocealina40.com\/en\/","name":"Villa Lakocealina 40","description":"holiday rental","publisher":{"@id":"https:\/\/villalakocealina40.com\/en\/#organization"},"potentialAction":[{"@type":"SearchAction","target":{"@type":"EntryPoint","urlTemplate":"https:\/\/villalakocealina40.com\/en\/?s={search_term_string}"},"query-input":{"@type":"PropertyValueSpecification","valueRequired":true,"valueName":"search_term_string"}}],"inLanguage":"en-US"},{"@type":"Organization","@id":"https:\/\/villalakocealina40.com\/en\/#organization","name":"Villa Lakocealina 40","url":"https:\/\/villalakocealina40.com\/en\/","logo":{"@type":"ImageObject","inLanguage":"en-US","@id":"https:\/\/villalakocealina40.com\/en\/#\/schema\/logo\/image\/","url":"https:\/\/i0.wp.com\/villalakocealina40.com\/wp-content\/uploads\/2018\/03\/cropped-GLTT.jpeg?fit=483%2C480&ssl=1","contentUrl":"https:\/\/i0.wp.com\/villalakocealina40.com\/wp-content\/uploads\/2018\/03\/cropped-GLTT.jpeg?fit=483%2C480&ssl=1","width":483,"height":480,"caption":"Villa Lakocealina 40"},"image":{"@id":"https:\/\/villalakocealina40.com\/en\/#\/schema\/logo\/image\/"}}]}},"jetpack_sharing_enabled":true,"jetpack_shortlink":"https:\/\/wp.me\/P9COMv-zl","jetpack_likes_enabled":true,"amp_enabled":false,"_links":{"self":[{"href":"https:\/\/villalakocealina40.com\/en\/wp-json\/wp\/v2\/pages\/2191","targetHints":{"allow":["GET"]}}],"collection":[{"href":"https:\/\/villalakocealina40.com\/en\/wp-json\/wp\/v2\/pages"}],"about":[{"href":"https:\/\/villalakocealina40.com\/en\/wp-json\/wp\/v2\/types\/page"}],"author":[{"embeddable":true,"href":"https:\/\/villalakocealina40.com\/en\/wp-json\/wp\/v2\/users\/3"}],"replies":[{"embeddable":true,"href":"https:\/\/villalakocealina40.com\/en\/wp-json\/wp\/v2\/comments?post=2191"}],"version-history":[{"count":5,"href":"https:\/\/villalakocealina40.com\/en\/wp-json\/wp\/v2\/pages\/2191\/revisions"}],"predecessor-version":[{"id":4138,"href":"https:\/\/villalakocealina40.com\/en\/wp-json\/wp\/v2\/pages\/2191\/revisions\/4138"}],"wp:featuredmedia":[{"embeddable":true,"href":"https:\/\/villalakocealina40.com\/en\/wp-json\/wp\/v2\/media\/1344"}],"wp:attachment":[{"href":"https:\/\/villalakocealina40.com\/en\/wp-json\/wp\/v2\/media?parent=2191"}],"wp:term":[{"taxonomy":"post_tag","embeddable":true,"href":"https:\/\/villalakocealina40.com\/en\/wp-json\/wp\/v2\/tags?post=2191"}],"curies":[{"name":"wp","href":"https:\/\/api.w.org\/{rel}","templated":true}]}}